{"id":921,"date":"2020-12-01T07:23:57","date_gmt":"2020-12-01T06:23:57","guid":{"rendered":"https:\/\/guretxokovalladolid.com\/?page_id=921"},"modified":"2020-12-01T07:37:17","modified_gmt":"2020-12-01T06:37:17","slug":"biblioteca","status":"publish","type":"page","link":"https:\/\/guretxokovalladolid.com\/es\/biblioteca\/","title":{"rendered":"Biblioteca"},"content":{"rendered":"<p>[et_pb_section fb_built=\u00bb1&#8243; admin_label=\u00bbHeader\u00bb _builder_version=\u00bb4.4.7&#8243; use_background_color_gradient=\u00bbon\u00bb background_color_gradient_start=\u00bbrgba(165,206,199,0.6)\u00bb background_color_gradient_end=\u00bb#151f33&#8243; background_color_gradient_overlays_image=\u00bbon\u00bb background_image=\u00bbhttps:\/\/guretxokovalladolid.com\/wp-content\/uploads\/2020\/12\/cover_ar_hd.jpg\u00bb custom_padding=\u00bb0vw||0||false|false\u00bb locked=\u00bboff\u00bb background_color_gradient_start__hover=\u00bb#2b87da\u00bb background_color_gradient_start__hover_enabled=\u00bb#2b87da\u00bb background_color_gradient_end__hover=\u00bb#29c4a9&#8243; background_color_gradient_end__hover_enabled=\u00bb#29c4a9&#8243; use_background_color_gradient__hover=\u00bboff\u00bb use_background_color_gradient__hover_enabled=\u00bboff\u00bb background_color_gradient_type__hover=\u00bblinear\u00bb background_color_gradient_type__hover_enabled=\u00bblinear\u00bb background_color_gradient_direction__hover=\u00bb180deg\u00bb background_color_gradient_direction__hover_enabled=\u00bb180deg\u00bb background_color_gradient_direction_radial__hover=\u00bbcenter\u00bb background_color_gradient_direction_radial__hover_enabled=\u00bbcenter\u00bb background_color_gradient_start_position__hover=\u00bb0%\u00bb background_color_gradient_start_position__hover_enabled=\u00bb0%\u00bb background_color_gradient_end_position__hover=\u00bb100%\u00bb background_color_gradient_end_position__hover_enabled=\u00bb100%\u00bb background_color_gradient_overlays_image__hover=\u00bboff\u00bb background_color_gradient_overlays_image__hover_enabled=\u00bboff\u00bb][et_pb_row _builder_version=\u00bb4.4.7&#8243; background_enable_color=\u00bboff\u00bb background_color_gradient_direction=\u00bb132deg\u00bb width=\u00bb100%\u00bb max_width=\u00bb113%\u00bb module_alignment=\u00bbcenter\u00bb min_height=\u00bb236px\u00bb custom_margin=\u00bb|0px||0px|false|true\u00bb custom_padding=\u00bb42px|||||\u00bb use_custom_width=\u00bbon\u00bb width_unit=\u00bboff\u00bb custom_width_px__hover=\u00bb1080px\u00bb custom_width_px__hover_enabled=\u00bb1080px\u00bb custom_width_percent__hover=\u00bb80%\u00bb custom_width_percent__hover_enabled=\u00bb80%\u00bb gutter_width__hover=\u00bb3&#8243; gutter_width__hover_enabled=\u00bb3&#8243; parallax_1__hover=\u00bboff\u00bb parallax_1__hover_enabled=\u00bboff\u00bb parallax_2__hover=\u00bboff\u00bb parallax_2__hover_enabled=\u00bboff\u00bb parallax_3__hover=\u00bboff\u00bb parallax_3__hover_enabled=\u00bboff\u00bb parallax_4__hover=\u00bboff\u00bb parallax_4__hover_enabled=\u00bboff\u00bb parallax_5__hover=\u00bboff\u00bb parallax_5__hover_enabled=\u00bboff\u00bb parallax_6__hover=\u00bboff\u00bb parallax_6__hover_enabled=\u00bboff\u00bb parallax_method_1__hover=\u00bbon\u00bb parallax_method_1__hover_enabled=\u00bbon\u00bb parallax_method_2__hover=\u00bbon\u00bb parallax_method_2__hover_enabled=\u00bbon\u00bb parallax_method_3__hover=\u00bbon\u00bb parallax_method_3__hover_enabled=\u00bbon\u00bb parallax_method_4__hover=\u00bbon\u00bb parallax_method_4__hover_enabled=\u00bbon\u00bb parallax_method_5__hover=\u00bbon\u00bb parallax_method_5__hover_enabled=\u00bbon\u00bb parallax_method_6__hover=\u00bbon\u00bb parallax_method_6__hover_enabled=\u00bbon\u00bb use_background_color_gradient__hover=\u00bboff\u00bb use_background_color_gradient__hover_enabled=\u00bboff\u00bb background_color_gradient_start__hover=\u00bb#2b87da\u00bb background_color_gradient_start__hover_enabled=\u00bb#2b87da\u00bb background_color_gradient_end__hover=\u00bb#29c4a9&#8243; background_color_gradient_end__hover_enabled=\u00bb#29c4a9&#8243; background_color_gradient_type__hover=\u00bblinear\u00bb background_color_gradient_type__hover_enabled=\u00bblinear\u00bb background_color_gradient_direction__hover=\u00bb180deg\u00bb background_color_gradient_direction__hover_enabled=\u00bb180deg\u00bb background_color_gradient_direction_radial__hover=\u00bbcenter\u00bb background_color_gradient_direction_radial__hover_enabled=\u00bbcenter\u00bb background_color_gradient_start_position__hover=\u00bb0%\u00bb background_color_gradient_start_position__hover_enabled=\u00bb0%\u00bb background_color_gradient_end_position__hover=\u00bb100%\u00bb background_color_gradient_end_position__hover_enabled=\u00bb100%\u00bb background_color_gradient_overlays_image__hover=\u00bboff\u00bb background_color_gradient_overlays_image__hover_enabled=\u00bboff\u00bb parallax__hover=\u00bboff\u00bb parallax__hover_enabled=\u00bboff\u00bb parallax_method__hover=\u00bbon\u00bb parallax_method__hover_enabled=\u00bbon\u00bb background_size__hover=\u00bbcover\u00bb background_size__hover_enabled=\u00bbcover\u00bb background_position__hover=\u00bbcenter\u00bb background_position__hover_enabled=\u00bbcenter\u00bb background_repeat__hover=\u00bbno-repeat\u00bb background_repeat__hover_enabled=\u00bbno-repeat\u00bb background_blend__hover=\u00bbnormal\u00bb background_blend__hover_enabled=\u00bbnormal\u00bb allow_player_pause__hover=\u00bboff\u00bb allow_player_pause__hover_enabled=\u00bboff\u00bb background_video_pause_outside_viewport__hover=\u00bbon\u00bb background_video_pause_outside_viewport__hover_enabled=\u00bbon\u00bb make_fullwidth__hover=\u00bboff\u00bb make_fullwidth__hover_enabled=\u00bboff\u00bb use_custom_width__hover=\u00bboff\u00bb use_custom_width__hover_enabled=\u00bboff\u00bb width_unit__hover=\u00bbon\u00bb width_unit__hover_enabled=\u00bbon\u00bb use_custom_gutter__hover=\u00bboff\u00bb use_custom_gutter__hover_enabled=\u00bboff\u00bb make_equal__hover=\u00bboff\u00bb make_equal__hover_enabled=\u00bboff\u00bb border_radii__hover=\u00bbon||||\u00bb border_radii__hover_enabled=\u00bbon||||\u00bb box_shadow_style__hover=\u00bbnone\u00bb box_shadow_style__hover_enabled=\u00bbnone\u00bb box_shadow_color__hover=\u00bbrgba(0,0,0,0.3)\u00bb box_shadow_color__hover_enabled=\u00bbrgba(0,0,0,0.3)\u00bb filter_hue_rotate__hover=\u00bb0deg\u00bb filter_hue_rotate__hover_enabled=\u00bb0deg\u00bb filter_saturate__hover=\u00bb100%\u00bb filter_saturate__hover_enabled=\u00bb100%\u00bb filter_brightness__hover=\u00bb100%\u00bb filter_brightness__hover_enabled=\u00bb100%\u00bb filter_contrast__hover=\u00bb100%\u00bb filter_contrast__hover_enabled=\u00bb100%\u00bb filter_invert__hover=\u00bb0%\u00bb filter_invert__hover_enabled=\u00bb0%\u00bb filter_sepia__hover=\u00bb0%\u00bb filter_sepia__hover_enabled=\u00bb0%\u00bb filter_opacity__hover=\u00bb100%\u00bb filter_opacity__hover_enabled=\u00bb100%\u00bb filter_blur__hover=\u00bb0px\u00bb filter_blur__hover_enabled=\u00bb0px\u00bb mix_blend_mode__hover=\u00bbnormal\u00bb mix_blend_mode__hover_enabled=\u00bbnormal\u00bb animation_style__hover=\u00bbnone\u00bb animation_style__hover_enabled=\u00bbnone\u00bb animation_repeat__hover=\u00bbonce\u00bb animation_repeat__hover_enabled=\u00bbonce\u00bb animation_direction__hover=\u00bbcenter\u00bb animation_direction__hover_enabled=\u00bbcenter\u00bb animation_duration__hover=\u00bb1000ms\u00bb animation_duration__hover_enabled=\u00bb1000ms\u00bb animation_delay__hover=\u00bb0ms\u00bb animation_delay__hover_enabled=\u00bb0ms\u00bb animation_intensity_slide__hover=\u00bb50%\u00bb animation_intensity_slide__hover_enabled=\u00bb50%\u00bb animation_intensity_zoom__hover=\u00bb50%\u00bb animation_intensity_zoom__hover_enabled=\u00bb50%\u00bb animation_intensity_flip__hover=\u00bb50%\u00bb animation_intensity_flip__hover_enabled=\u00bb50%\u00bb animation_intensity_fold__hover=\u00bb50%\u00bb animation_intensity_fold__hover_enabled=\u00bb50%\u00bb animation_intensity_roll__hover=\u00bb50%\u00bb animation_intensity_roll__hover_enabled=\u00bb50%\u00bb animation_starting_opacity__hover=\u00bb0%\u00bb animation_starting_opacity__hover_enabled=\u00bb0%\u00bb animation_speed_curve__hover=\u00bbease-in-out\u00bb animation_speed_curve__hover_enabled=\u00bbease-in-out\u00bb hover_transition_duration__hover=\u00bb300ms\u00bb hover_transition_duration__hover_enabled=\u00bb300ms\u00bb hover_transition_delay__hover=\u00bb0ms\u00bb hover_transition_delay__hover_enabled=\u00bb0ms\u00bb hover_transition_speed_curve__hover=\u00bbease\u00bb hover_transition_speed_curve__hover_enabled=\u00bbease\u00bb width__hover=\u00bb80%\u00bb width__hover_enabled=\u00bb80%\u00bb max_width__hover=\u00bb80%\u00bb max_width__hover_enabled=\u00bb80%\u00bb][et_pb_column type=\u00bb4_4&#8243; _builder_version=\u00bb3.25&#8243; custom_padding=\u00bb|||\u00bb custom_padding__hover=\u00bb|||\u00bb][et_pb_text _builder_version=\u00bb4.4.7&#8243; text_font=\u00bb||||||||\u00bb text_line_height=\u00bb2em\u00bb header_font=\u00bbBaskervville||||||||\u00bb header_font_size=\u00bb7vw\u00bb header_line_height=\u00bb1.2em\u00bb header_2_font=\u00bb||||||||\u00bb header_5_font=\u00bb||||||||\u00bb header_6_font=\u00bbSource Sans Pro|||on|||||\u00bb header_6_font_size=\u00bb24px\u00bb header_6_letter_spacing=\u00bb8px\u00bb header_6_line_height=\u00bb1.8em\u00bb text_orientation=\u00bbcenter\u00bb background_layout=\u00bbdark\u00bb max_width=\u00bb80%\u00bb max_width_tablet=\u00bb\u00bb max_width_phone=\u00bb\u00bb max_width_last_edited=\u00bbon|tablet\u00bb module_alignment=\u00bbcenter\u00bb custom_margin=\u00bb||0px\u00bb animation_style=\u00bbslide\u00bb animation_intensity_slide=\u00bb4%\u00bb header_font_size_tablet=\u00bb\u00bb header_font_size_phone=\u00bb48px\u00bb header_font_size_last_edited=\u00bbon|phone\u00bb header_text_shadow_style=\u00bbpreset3&#8243; header_text_shadow_blur_strength=\u00bb0.8em\u00bb header_text_shadow_color=\u00bbrgba(0,17,51,0.55)\u00bb text_font_size__hover=\u00bb14px\u00bb text_font_size__hover_enabled=\u00bb14px\u00bb text_letter_spacing__hover=\u00bb0px\u00bb text_letter_spacing__hover_enabled=\u00bb0px\u00bb text_line_height__hover=\u00bb1.7em\u00bb text_line_height__hover_enabled=\u00bb1.7em\u00bb text_text_shadow_style__hover=\u00bbnone\u00bb text_text_shadow_style__hover_enabled=\u00bbnone\u00bb text_text_shadow_color__hover=\u00bbrgba(0,0,0,0.4)\u00bb text_text_shadow_color__hover_enabled=\u00bbrgba(0,0,0,0.4)\u00bb link_font_size__hover=\u00bb14px\u00bb link_font_size__hover_enabled=\u00bb14px\u00bb link_letter_spacing__hover=\u00bb0px\u00bb link_letter_spacing__hover_enabled=\u00bb0px\u00bb link_line_height__hover=\u00bb1em\u00bb link_line_height__hover_enabled=\u00bb1em\u00bb link_text_shadow_style__hover=\u00bbnone\u00bb link_text_shadow_style__hover_enabled=\u00bbnone\u00bb link_text_shadow_color__hover=\u00bbrgba(0,0,0,0.4)\u00bb link_text_shadow_color__hover_enabled=\u00bbrgba(0,0,0,0.4)\u00bb ul_font_size__hover=\u00bb14px\u00bb ul_font_size__hover_enabled=\u00bb14px\u00bb ul_letter_spacing__hover=\u00bb0px\u00bb ul_letter_spacing__hover_enabled=\u00bb0px\u00bb ul_line_height__hover=\u00bb1em\u00bb ul_line_height__hover_enabled=\u00bb1em\u00bb ul_text_shadow_style__hover=\u00bbnone\u00bb ul_text_shadow_style__hover_enabled=\u00bbnone\u00bb ul_text_shadow_color__hover=\u00bbrgba(0,0,0,0.4)\u00bb ul_text_shadow_color__hover_enabled=\u00bbrgba(0,0,0,0.4)\u00bb ol_font_size__hover=\u00bb14px\u00bb ol_font_size__hover_enabled=\u00bb14px\u00bb ol_letter_spacing__hover=\u00bb0px\u00bb ol_letter_spacing__hover_enabled=\u00bb0px\u00bb ol_line_height__hover=\u00bb1em\u00bb ol_line_height__hover_enabled=\u00bb1em\u00bb ol_text_shadow_style__hover=\u00bbnone\u00bb ol_text_shadow_style__hover_enabled=\u00bbnone\u00bb ol_text_shadow_color__hover=\u00bbrgba(0,0,0,0.4)\u00bb ol_text_shadow_color__hover_enabled=\u00bbrgba(0,0,0,0.4)\u00bb quote_font_size__hover=\u00bb14px\u00bb quote_font_size__hover_enabled=\u00bb14px\u00bb quote_letter_spacing__hover=\u00bb0px\u00bb quote_letter_spacing__hover_enabled=\u00bb0px\u00bb quote_line_height__hover=\u00bb1em\u00bb quote_line_height__hover_enabled=\u00bb1em\u00bb quote_text_shadow_style__hover=\u00bbnone\u00bb quote_text_shadow_style__hover_enabled=\u00bbnone\u00bb quote_text_shadow_color__hover=\u00bbrgba(0,0,0,0.4)\u00bb quote_text_shadow_color__hover_enabled=\u00bbrgba(0,0,0,0.4)\u00bb text_orientation__hover=\u00bbleft\u00bb text_orientation__hover_enabled=\u00bbleft\u00bb background_layout__hover=\u00bblight\u00bb background_layout__hover_enabled=\u00bblight\u00bb]<\/p>\n<h1>BIBLIOTECA<span style=\"font-size: 16px;\">\u00a0<\/span><\/h1>\n<p>[\/et_pb_text][\/et_pb_column][\/et_pb_row][\/et_pb_section][et_pb_section fb_built=\u00bb1&#8243; admin_label=\u00bbBlog\u00bb _builder_version=\u00bb3.22&#8243;][et_pb_row _builder_version=\u00bb4.4.7&#8243;][et_pb_column type=\u00bb4_4&#8243; _builder_version=\u00bb4.4.7&#8243;][et_pb_text _builder_version=\u00bb4.4.7&#8243;]<\/p>\n<h2 style=\"text-align: center;\">Nuevos t\u00edtulos a\u00f1adidos<\/h2>\n<p>[\/et_pb_text][et_pb_text _builder_version=\u00bb4.4.7&#8243; text_font=\u00bb|600|||||||\u00bb]<\/p>\n<table width=\"757\">\n<tbody>\n<tr>\n<td width=\"674\"><span>\u00bfHacia una ciudad vasca?\u00a0<\/span><\/td>\n<td width=\"83\">\u00a0Igor Calzada M\u00fajika<\/td>\n<\/tr>\n<tr>\n<td><span>Aurrera goaz<\/span><\/td>\n<td><\/td>\n<\/tr>\n<tr>\n<td><span>Australia<\/span><\/td>\n<td>URAZANDI 21<\/td>\n<\/tr>\n<tr>\n<td><span>Diccionario hist\u00f3rico biogr\u00e1fico de los vascos en el Per\u00fa y de Peruanos de ancestro vasco\u00a0\u00a0\u00a0\u00a0\u00a0\u00a0\u00a0\u00a0\u00a0\u00a0\u00a0\u00a0\u00a0\u00a0\u00a0\u00a0<\/span><\/td>\n<td><\/td>\n<\/tr>\n<tr>\n<td><span>Domingo de Irala y su entorno en la villa de Bergara\u00a0\u00a0\u00a0<\/span><\/td>\n<td>Miguel \u00c1ngel Elkoroberezibar<\/td>\n<\/tr>\n<tr>\n<td><span>El \u00e1mbito historiogr\u00e1fico y metodol\u00f3gico de La emigraci\u00f3n vasca y navarra hacia Am\u00e9rica<\/span><\/td>\n<td>Jose Manuel Azcona<\/td>\n<\/tr>\n<tr>\n<td><span>El cura caminador<\/span><\/td>\n<td>\u00a0Fabio Javier Echarri<\/td>\n<\/tr>\n<tr>\n<td><span>Eusebio Zamakola Abrisqueta<\/span><\/td>\n<td><\/td>\n<\/tr>\n<tr>\n<td><span>Euskadi munduan eraikitzen<\/span><\/td>\n<td><\/td>\n<\/tr>\n<tr>\n<td><span>Euskaldunak munduan 8<\/span><\/td>\n<td><\/td>\n<\/tr>\n<tr>\n<td><span>Exilio vasco en Am\u00e9rica<\/span><\/td>\n<td>URAZANDI 28<\/td>\n<\/tr>\n<tr>\n<td><span>Gipuzkoa begiragarria\u00a0\u00a0\u00a0<\/span><\/td>\n<td>\u00a0Pascual Mar\u00edn<\/td>\n<\/tr>\n<tr>\n<td><span>Guztion Artean<\/span><\/td>\n<td><\/td>\n<\/tr>\n<tr>\n<td><span>Identidad y estructura de la emigraci\u00f3n vasca y Navarra hacia Iberoam\u00e9rica siglos (XVI-XXI)<\/span><\/td>\n<td>\u00a0Jose Manuel Azcona<\/td>\n<\/tr>\n<tr>\n<td>La huella Vasca en Argentina<\/td>\n<td><\/td>\n<\/tr>\n<tr>\n<td><span>La odisea de Xabiertxo: El \u00faltimo paquebote<\/span><\/td>\n<td>Koldo Ordozgoiti<\/td>\n<\/tr>\n<tr>\n<td><span>La vasconia global<\/span><\/td>\n<td>URAZANDI 2\u00a0<\/td>\n<\/tr>\n<tr>\n<td><span>Literatura y realidad<\/span><\/td>\n<td><\/td>\n<\/tr>\n<tr>\n<td><span>Memoria 1980 \u2013 2005<\/span><\/td>\n<td>URAZANDI 18<\/td>\n<\/tr>\n<tr>\n<td><span>Noticias de California\u00a0<\/span><\/td>\n<td>Asun Garikano<\/td>\n<\/tr>\n<tr>\n<td><span>Santiago de Chile<\/span><\/td>\n<td>URAZANDI 20<\/td>\n<\/tr>\n<tr>\n<td><span>Sim\u00f3n Bolivar y Bilbao<\/span><\/td>\n<td>Alejandro Cardozo Uzcategui<\/td>\n<\/tr>\n<tr>\n<td><span>Somos Vasco \u2013 Argentinos<\/span><\/td>\n<td>URAZANDI 29<\/td>\n<\/tr>\n<tr>\n<td><span>Vasco \u2013 Navarros en Antioqu\u00eda<\/span><\/td>\n<td><\/td>\n<\/tr>\n<tr>\n<td><span>Vivir y morir en M\u00e9xico\u00a0<\/span><\/td>\n<td>Jes\u00fas Ruiz de Gordejuela<\/td>\n<\/tr>\n<tr>\n<td><span>Zubigintzan<\/span><\/td>\n<td><\/td>\n<\/tr>\n<tr>\n<td><\/td>\n<td><\/td>\n<\/tr>\n<\/tbody>\n<\/table>\n<p>[\/et_pb_text][et_pb_button button_url=\u00bbhttps:\/\/guretxokovalladolid.com\/wp-content\/uploads\/2020\/12\/BIBLIOTECA-GURE-TXOKO.pdf\u00bb button_text=\u00bbM\u00c1S PUBLICACIONES\u00bb button_alignment=\u00bbcenter\u00bb _builder_version=\u00bb4.4.7&#8243; hover_enabled=\u00bb0&#8243; url_new_window=\u00bbon\u00bb][\/et_pb_button][\/et_pb_column][\/et_pb_row][\/et_pb_section]<\/p>\n","protected":false},"excerpt":{"rendered":"<p>BIBLIOTECA\u00a0Nuevos t\u00edtulos a\u00f1adidos \u00bfHacia una ciudad vasca?\u00a0 \u00a0Igor Calzada M\u00fajika Aurrera goaz Australia URAZANDI 21 Diccionario hist\u00f3rico biogr\u00e1fico de los vascos en el Per\u00fa y de Peruanos de ancestro vasco\u00a0\u00a0\u00a0\u00a0\u00a0\u00a0\u00a0\u00a0\u00a0\u00a0\u00a0\u00a0\u00a0\u00a0\u00a0\u00a0 Domingo de Irala y su entorno en la villa de Bergara\u00a0\u00a0\u00a0 Miguel \u00c1ngel Elkoroberezibar El \u00e1mbito historiogr\u00e1fico y metodol\u00f3gico de La emigraci\u00f3n vasca y navarra [&hellip;]<\/p>\n","protected":false},"author":1,"featured_media":0,"parent":0,"menu_order":0,"comment_status":"closed","ping_status":"closed","template":"","meta":{"_et_pb_use_builder":"on","_et_pb_old_content":"","_et_gb_content_width":"","footnotes":""},"class_list":["post-921","page","type-page","status-publish","hentry"],"_links":{"self":[{"href":"https:\/\/guretxokovalladolid.com\/es\/wp-json\/wp\/v2\/pages\/921","targetHints":{"allow":["GET"]}}],"collection":[{"href":"https:\/\/guretxokovalladolid.com\/es\/wp-json\/wp\/v2\/pages"}],"about":[{"href":"https:\/\/guretxokovalladolid.com\/es\/wp-json\/wp\/v2\/types\/page"}],"author":[{"embeddable":true,"href":"https:\/\/guretxokovalladolid.com\/es\/wp-json\/wp\/v2\/users\/1"}],"replies":[{"embeddable":true,"href":"https:\/\/guretxokovalladolid.com\/es\/wp-json\/wp\/v2\/comments?post=921"}],"version-history":[{"count":6,"href":"https:\/\/guretxokovalladolid.com\/es\/wp-json\/wp\/v2\/pages\/921\/revisions"}],"predecessor-version":[{"id":933,"href":"https:\/\/guretxokovalladolid.com\/es\/wp-json\/wp\/v2\/pages\/921\/revisions\/933"}],"wp:attachment":[{"href":"https:\/\/guretxokovalladolid.com\/es\/wp-json\/wp\/v2\/media?parent=921"}],"curies":[{"name":"wp","href":"https:\/\/api.w.org\/{rel}","templated":true}]}}